{"id":602,"date":"2022-06-19T18:28:13","date_gmt":"2022-06-19T18:28:13","guid":{"rendered":"http:\/\/check-consulting.fr\/?page_id=602"},"modified":"2022-06-20T18:17:54","modified_gmt":"2022-06-20T18:17:54","slug":"nous-rejoindre","status":"publish","type":"page","link":"https:\/\/check-consulting.fr\/index.php\/nous-rejoindre\/","title":{"rendered":"Nous rejoindre"},"content":{"rendered":"\n<div class=\"wp-block-cover\" style=\"min-height:300px\"><span aria-hidden=\"true\" class=\"wp-block-cover__background has-nv-text-dark-bg-background-color has-background-dim-100 has-background-dim\"><\/span><div class=\"wp-block-cover__inner-container\">\n<div class=\"wp-container-1 wp-block-group\"><div class=\"wp-block-group__inner-container\">\n<h1 class=\"has-nv-dark-bg-color has-text-color\">Nous rejoindre<\/h1>\n<\/div><\/div>\n<\/div><\/div>\n\n\n\n<div class=\"wp-block-cover alignfull\" style=\"min-height:373px\"><span aria-hidden=\"true\" class=\"wp-block-cover__background has-nv-dark-bg-background-color has-background-dim\"><\/span><img loading=\"lazy\" width=\"2560\" height=\"1708\" class=\"wp-block-cover__image-background wp-image-444\" alt=\"\" src=\"http:\/\/check-consulting.fr\/wp-content\/uploads\/2022\/06\/pexels-fauxels-3183150-scaled.jpg\" data-object-fit=\"cover\" srcset=\"https:\/\/check-consulting.fr\/wp-content\/uploads\/2022\/06\/pexels-fauxels-3183150-scaled.jpg 2560w, https:\/\/check-consulting.fr\/wp-content\/uploads\/2022\/06\/pexels-fauxels-3183150-300x200.jpg 300w, https:\/\/check-consulting.fr\/wp-content\/uploads\/2022\/06\/pexels-fauxels-3183150-1024x683.jpg 1024w, https:\/\/check-consulting.fr\/wp-content\/uploads\/2022\/06\/pexels-fauxels-3183150-768x513.jpg 768w, https:\/\/check-consulting.fr\/wp-content\/uploads\/2022\/06\/pexels-fauxels-3183150-1536x1025.jpg 1536w, https:\/\/check-consulting.fr\/wp-content\/uploads\/2022\/06\/pexels-fauxels-3183150-2048x1367.jpg 2048w, https:\/\/check-consulting.fr\/wp-content\/uploads\/2022\/06\/pexels-fauxels-3183150-930x620.jpg 930w\" sizes=\"(max-width: 2560px) 100vw, 2560px\" \/><div class=\"wp-block-cover__inner-container\">\n<p class=\"has-text-align-center has-nv-site-bg-color has-text-color\" style=\"font-size:30px\">Vous \u00eates \u00e0 la recherche d&#8217;une nouvelle opportunit\u00e9<\/p>\n\n\n\n<p class=\"has-text-align-center\" style=\"font-size:30px\">Rejoignez notre \u00e9quipe<\/p>\n\n\n\n<div style=\"height:34px\" aria-hidden=\"true\" class=\"wp-block-spacer\"><\/div>\n\n\n\n<div class=\"wp-container-2 is-content-justification-center wp-block-buttons\">\n<div class=\"wp-block-button is-style-primary\"><a class=\"wp-block-button__link\" rel=\"\/nous-rejoindre\">D\u00e9couvrez nos offres d&#8217;emploi<\/a><\/div>\n<\/div>\n<\/div><\/div>\n\n\n\n<div class=\"wp-block-cover alignfull\"><span aria-hidden=\"true\" class=\"wp-block-cover__background has-nv-light-bg-background-color has-background-dim-100 has-background-dim\"><\/span><div class=\"wp-block-cover__inner-container\">\n<div style=\"height:50px\" aria-hidden=\"true\" class=\"wp-block-spacer\"><\/div>\n\n\n\n<h2 class=\"has-text-align-center h2-home has-nv-dark-bg-color has-text-color\">Candidature Spontan\u00e9e<\/h2>\n\n\n\n<div class=\"wp-block-gosign-block-gosign-advanced-separator-block outer_sep sep-custom cont-full radius_false custPos-center custHeightBorder\" style=\"margin-top:0;margin-bottom:30px\"><div class=\"inner-sep-container\" style=\"height:10px\"><div class=\"border-cont GAB-border\" style=\"height:5px;width:27%;background-color:#3c6382\"><\/div><\/div><\/div>\n\n\n\n<p class=\"has-text-align-center has-nv-dark-bg-color has-text-color\" style=\"font-size:18px\">Vous pouvez candidater librement en envoyant votre CV<\/p>\n\n\n<div role=\"form\" class=\"wpcf7\" id=\"wpcf7-f688-o1\" lang=\"en-US\" dir=\"ltr\">\n<div class=\"screen-reader-response\"><p role=\"status\" aria-live=\"polite\" aria-atomic=\"true\"><\/p> <ul><\/ul><\/div>\n<form action=\"\/index.php\/wp-json\/wp\/v2\/pages\/602#wpcf7-f688-o1\" method=\"post\" class=\"wpcf7-form init\" novalidate=\"novalidate\" data-status=\"init\">\n<div style=\"display: none;\">\n<input type=\"hidden\" name=\"_wpcf7\" value=\"688\" \/>\n<input type=\"hidden\" name=\"_wpcf7_version\" value=\"5.6\" \/>\n<input type=\"hidden\" name=\"_wpcf7_locale\" value=\"en_US\" \/>\n<input type=\"hidden\" name=\"_wpcf7_unit_tag\" value=\"wpcf7-f688-o1\" \/>\n<input type=\"hidden\" name=\"_wpcf7_container_post\" value=\"0\" \/>\n<input type=\"hidden\" name=\"_wpcf7_posted_data_hash\" value=\"\" \/>\n<\/div>\n<div class=\"form-contact\">\n<div class=\"row\">\n<div class=\"col-sm-6\"> <span class=\"wpcf7-form-control-wrap\" data-name=\"nom\"><input type=\"text\" name=\"nom\" value=\"\" size=\"40\" class=\"wpcf7-form-control wpcf7-text wpcf7-validates-as-required\" aria-required=\"true\" aria-invalid=\"false\" placeholder=\"Nom\" \/><\/span> <\/div>\n<div class=\"col-sm-6\"> <span class=\"wpcf7-form-control-wrap\" data-name=\"prenom\"><input type=\"text\" name=\"prenom\" value=\"\" size=\"40\" class=\"wpcf7-form-control wpcf7-text wpcf7-validates-as-required\" aria-required=\"true\" aria-invalid=\"false\" placeholder=\"Pr\u00e9nom\" \/><\/span> <\/div>\n<\/div>\n<div class=\"row\">\n<div class=\"col-sm-6\"> <span class=\"wpcf7-form-control-wrap\" data-name=\"email\"><input type=\"email\" name=\"email\" value=\"\" size=\"40\" class=\"wpcf7-form-control wpcf7-text wpcf7-email wpcf7-validates-as-required wpcf7-validates-as-email\" aria-required=\"true\" aria-invalid=\"false\" placeholder=\"Email\" \/><\/span> <\/div>\n<div class=\"col-sm-6\"> <span class=\"wpcf7-form-control-wrap\" data-name=\"num-phone\"><input type=\"tel\" name=\"num-phone\" value=\"\" size=\"40\" class=\"wpcf7-form-control wpcf7-text wpcf7-tel wpcf7-validates-as-required wpcf7-validates-as-tel\" aria-required=\"true\" aria-invalid=\"false\" placeholder=\"N\u00b0 T\u00e9l\u00e9phone\" \/><\/span> <\/div>\n<\/div>\n<div class=\"row\">\n<div class=\"col-xs-12\"><span class=\"wpcf7-form-control-wrap\" data-name=\"motivation\"><textarea name=\"motivation\" cols=\"40\" rows=\"10\" class=\"wpcf7-form-control wpcf7-textarea\" aria-invalid=\"false\" placeholder=\"Motivation\"><\/textarea><\/span> <\/div>\n<\/div>\n<div class=\"row\">\n<div class=\"col-sm-3\">\n<p style=\"color: black;\">Merci de joindre votre CV <\/p>\n<p>           <span style=\"color: grey; font-size: 12px\">Maximum  2 fichiers (pdf uniquement)<\/span>\n     <\/div>\n<div class=\"col-sm-9\"> <span class=\"wpcf7-form-control-wrap cv\"><input type=\"file\" size=\"40\" class=\"wpcf7-form-control wpcf7-drag-n-drop-file d-none\" aria-required=\"true\" aria-invalid=\"false\" multiple=\"multiple\" data-name=\"cv\" data-type=\"pdf\" data-min=\"1\" data-max=\"2\" data-id=\"688\" data-version=\"free version 1.3.6.3\" accept=\".pdf\" \/><\/span><\/div>\n<\/div>\n<div class=\"row\" style=\"justify-content: center; margin-top:20px \">\n<div style=\"color:white\"> <input type=\"submit\" value=\"ENVOYER\" class=\"wpcf7-form-control has-spinner wpcf7-submit\" \/>  <\/div>\n<\/div>\n<\/div>\n<div class=\"wpcf7-response-output\" aria-hidden=\"true\"><\/div><\/form><\/div>\n\n\n\n<div style=\"height:50px\" aria-hidden=\"true\" class=\"wp-block-spacer\"><\/div>\n<\/div><\/div>\n\n\n\n<div style=\"height:30px\" aria-hidden=\"true\" class=\"wp-block-spacer\"><\/div>\n","protected":false},"excerpt":{"rendered":"","protected":false},"author":1,"featured_media":0,"parent":0,"menu_order":0,"comment_status":"closed","ping_status":"closed","template":"","meta":{"om_disable_all_campaigns":false,"_monsterinsights_skip_tracking":false,"_monsterinsights_sitenote_active":false,"_monsterinsights_sitenote_note":"","_monsterinsights_sitenote_category":0,"neve_meta_sidebar":"","neve_meta_container":"","neve_meta_enable_content_width":"on","neve_meta_content_width":100,"neve_meta_title_alignment":"","neve_meta_author_avatar":"","neve_post_elements_order":"","neve_meta_disable_header":"","neve_meta_disable_footer":"","neve_meta_disable_title":"on","_ti_tpc_template_sync":false,"_ti_tpc_template_id":""},"_links":{"self":[{"href":"https:\/\/check-consulting.fr\/index.php\/wp-json\/wp\/v2\/pages\/602"}],"collection":[{"href":"https:\/\/check-consulting.fr\/index.php\/wp-json\/wp\/v2\/pages"}],"about":[{"href":"https:\/\/check-consulting.fr\/index.php\/wp-json\/wp\/v2\/types\/page"}],"author":[{"embeddable":true,"href":"https:\/\/check-consulting.fr\/index.php\/wp-json\/wp\/v2\/users\/1"}],"replies":[{"embeddable":true,"href":"https:\/\/check-consulting.fr\/index.php\/wp-json\/wp\/v2\/comments?post=602"}],"version-history":[{"count":18,"href":"https:\/\/check-consulting.fr\/index.php\/wp-json\/wp\/v2\/pages\/602\/revisions"}],"predecessor-version":[{"id":692,"href":"https:\/\/check-consulting.fr\/index.php\/wp-json\/wp\/v2\/pages\/602\/revisions\/692"}],"wp:attachment":[{"href":"https:\/\/check-consulting.fr\/index.php\/wp-json\/wp\/v2\/media?parent=602"}],"curies":[{"name":"wp","href":"https:\/\/api.w.org\/{rel}","templated":true}]}}