{"id":646,"date":"2022-06-20T16:39:56","date_gmt":"2022-06-20T16:39:56","guid":{"rendered":"http:\/\/check-consulting.fr\/?page_id=646"},"modified":"2024-09-18T12:49:02","modified_gmt":"2024-09-18T12:49:02","slug":"nos-services","status":"publish","type":"page","link":"https:\/\/check-consulting.fr\/index.php\/nos-services\/","title":{"rendered":"Nos services"},"content":{"rendered":"\n<div class=\"wp-block-cover alignfull\" style=\"min-height:300px\"><span aria-hidden=\"true\" class=\"wp-block-cover__background has-nv-site-bg-background-color has-background-dim-100 has-background-dim\"><\/span><div class=\"wp-block-cover__inner-container\">\n<div class=\"wp-container-1 wp-block-group\"><div class=\"wp-block-group__inner-container\">\n<h1 class=\"has-text-align-left has-neve-text-color-color has-text-color\">Nos services<\/h1>\n<\/div><\/div>\n<\/div><\/div>\n\n\n\n<div class=\"wp-block-cover alignfull\" style=\"min-height:425px\"><span aria-hidden=\"true\" class=\"wp-block-cover__background has-nv-dark-bg-background-color has-background-dim-70 has-background-dim\"><\/span><img loading=\"lazy\" width=\"2560\" height=\"1707\" class=\"wp-block-cover__image-background wp-image-653\" alt=\"\" src=\"http:\/\/check-consulting.fr\/wp-content\/uploads\/2022\/06\/offers-background-scaled.jpg\" data-object-fit=\"cover\" srcset=\"https:\/\/check-consulting.fr\/wp-content\/uploads\/2022\/06\/offers-background-scaled.jpg 2560w, https:\/\/check-consulting.fr\/wp-content\/uploads\/2022\/06\/offers-background-300x200.jpg 300w, https:\/\/check-consulting.fr\/wp-content\/uploads\/2022\/06\/offers-background-1024x683.jpg 1024w, https:\/\/check-consulting.fr\/wp-content\/uploads\/2022\/06\/offers-background-768x512.jpg 768w, https:\/\/check-consulting.fr\/wp-content\/uploads\/2022\/06\/offers-background-1536x1024.jpg 1536w, https:\/\/check-consulting.fr\/wp-content\/uploads\/2022\/06\/offers-background-2048x1365.jpg 2048w, https:\/\/check-consulting.fr\/wp-content\/uploads\/2022\/06\/offers-background-930x620.jpg 930w\" sizes=\"(max-width: 2560px) 100vw, 2560px\" \/><div class=\"wp-block-cover__inner-container\">\n<div class=\"wp-container-2 wp-block-group\"><div class=\"wp-block-group__inner-container\">\n<div style=\"height:20px\" aria-hidden=\"true\" class=\"wp-block-spacer\"><\/div>\n\n\n\n<h2 class=\"has-text-align-center h2-home has-nv-site-bg-color has-text-color\" id=\"notre-histoire\">L&#8217;expertise technologique, organisationnelle et manag\u00e9riale au service de vos ambitions<\/h2>\n\n\n\n<div class=\"wp-block-gosign-block-gosign-advanced-separator-block outer_sep sep-custom cont-full radius_false custPos-center custHeightBorder\" style=\"margin-top:0;margin-bottom:30px\"><div class=\"inner-sep-container\" style=\"height:10px\"><div class=\"border-cont GAB-border\" style=\"height:5px;width:17%;background-color:#3c6382\"><\/div><\/div><\/div>\n\n\n\n<p class=\"has-text-align-center\" style=\"font-size:18px\">Nous adaptons, testons et d\u00e9veloppons de nouvelles m\u00e9thodes de travail et d\u2019enseignement pour r\u00e9inventer le management et pour accompagner nos clients \u00e0 s\u2019adapter aux d\u00e9fis qu\u2019ils rencontrent.<\/p>\n\n\n\n<div style=\"height:20px\" aria-hidden=\"true\" class=\"wp-block-spacer\"><\/div>\n<\/div><\/div>\n<\/div><\/div>\n\n\n\n<div class=\"wp-block-cover alignfull\" style=\"min-height:1145px\"><span aria-hidden=\"true\" class=\"wp-block-cover__background has-nv-site-bg-background-color has-background-dim-100 has-background-dim\"><\/span><div class=\"wp-block-cover__inner-container\">\n<h3 class=\"has-text-align-center h2-home has-nv-dark-bg-color has-text-color\">UN ACCOMPAGNEMENT DE BOUT EN BOUT<\/h3>\n\n\n\n<div style=\"height:20px\" aria-hidden=\"true\" class=\"wp-block-spacer\"><\/div>\n\n\n\n<p class=\"has-text-align-center has-nv-dark-bg-color has-text-color\" style=\"font-size:18px\">Gr\u00e2ce \u00e0 notre \u00e9quipe pluri-disciplinaire nous vous proposons de vous accompagner sur tous les aspects de vos projets digitaux<\/p>\n\n\n\n<div style=\"height:43px\" aria-hidden=\"true\" class=\"wp-block-spacer\"><\/div>\n\n\n\n<div class=\"wp-container-5 wp-block-columns\">\n<div class=\"wp-container-3 wp-block-column ticss-4ce656f1 box-service has-nv-light-bg-background-color has-background\">\n<div style=\"height:40px\" aria-hidden=\"true\" class=\"wp-block-spacer\"><\/div>\n\n\n<div class=\"wp-block-image icon-style is-style-default\">\n<figure class=\"aligncenter size-full\"><img loading=\"lazy\" width=\"100\" height=\"100\" src=\"http:\/\/check-consulting.fr\/wp-content\/uploads\/2022\/06\/icons8-consultant-100-1.png\" alt=\"\" class=\"wp-image-394\"\/><\/figure><\/div>\n\n\n<h3 class=\"has-text-align-center has-neve-text-color-color has-text-color\">D\u00e9veloppement Full-Stack<\/h3>\n\n\n\n<p class=\"has-text-align-center has-neve-text-color-color has-text-color\" style=\"font-size:15px\">Cr\u00e9ez des applications \u00e0 la pointe de la technologie avec notre expertise en d\u00e9veloppement full stack sur les langages tendances du moment Java, Spring, Angular, React, .Net, Python, Django, &#8230; <\/p>\n\n\n\n<div style=\"height:20px\" aria-hidden=\"true\" class=\"wp-block-spacer\"><\/div>\n<\/div>\n\n\n\n<div class=\"wp-container-4 wp-block-column ticss-f6fc7494 box-service has-nv-light-bg-background-color has-background\">\n<div style=\"height:40px\" aria-hidden=\"true\" class=\"wp-block-spacer\"><\/div>\n\n\n<div class=\"wp-block-image icon-style is-style-default\">\n<figure class=\"aligncenter size-full\"><img loading=\"lazy\" width=\"100\" height=\"100\" src=\"http:\/\/check-consulting.fr\/wp-content\/uploads\/2022\/06\/icons8-architecture-100.png\" alt=\"\" class=\"wp-image-395\"\/><\/figure><\/div>\n\n\n<h3 class=\"has-text-align-center has-neve-text-color-color has-text-color\">Test Logiciel<\/h3>\n\n\n\n<p class=\"has-text-align-center has-neve-text-color-color has-text-color\" style=\"font-size:15px\">Garantissez la fiabilit\u00e9 de votre logiciel gr\u00e2ce \u00e0 notre expertise en test logiciel<\/p>\n\n\n\n<div style=\"height:20px\" aria-hidden=\"true\" class=\"wp-block-spacer\"><\/div>\n<\/div>\n<\/div>\n\n\n\n<div style=\"height:20px\" aria-hidden=\"true\" class=\"wp-block-spacer\"><\/div>\n\n\n\n<div class=\"wp-container-8 wp-block-columns\">\n<div class=\"wp-container-6 wp-block-column ticss-4ce656f1 box-service has-nv-light-bg-background-color has-background\">\n<div style=\"height:40px\" aria-hidden=\"true\" class=\"wp-block-spacer\"><\/div>\n\n\n<div class=\"wp-block-image icon-style is-style-default\">\n<figure class=\"aligncenter size-full\"><img loading=\"lazy\" width=\"100\" height=\"100\" src=\"http:\/\/check-consulting.fr\/wp-content\/uploads\/2022\/06\/icons8-architecture-100.png\" alt=\"\" class=\"wp-image-395\"\/><\/figure><\/div>\n\n\n<h3 class=\"has-text-align-center has-neve-text-color-color has-text-color\">Devops<\/h3>\n\n\n\n<p class=\"has-text-align-center has-neve-text-color-color has-text-color\" style=\"font-size:15px\">Int\u00e9gration Continue, D\u00e9ploiement Continue, Infrastructure As Code, Cloud (AWS, GCP, AZURE)<\/p>\n\n\n\n<div style=\"height:20px\" aria-hidden=\"true\" class=\"wp-block-spacer\"><\/div>\n<\/div>\n\n\n\n<div class=\"wp-container-7 wp-block-column ticss-f6fc7494 box-service has-nv-light-bg-background-color has-background\">\n<div style=\"height:40px\" aria-hidden=\"true\" class=\"wp-block-spacer\"><\/div>\n\n\n<div class=\"wp-block-image icon-style is-style-default\">\n<figure class=\"aligncenter size-full\"><img loading=\"lazy\" width=\"100\" height=\"100\" src=\"http:\/\/check-consulting.fr\/wp-content\/uploads\/2022\/06\/icons8-integration-100.png\" alt=\"\" class=\"wp-image-397\"\/><\/figure><\/div>\n\n\n<h3 class=\"has-text-align-center has-neve-text-color-color has-text-color\">Performances Applicatives<\/h3>\n\n\n\n<p class=\"has-text-align-center has-neve-text-color-color has-text-color\" style=\"font-size:15px\">Tests de performance, Mobile Testing, Cloud Testing, Monitoring, Tuning, Profiling<\/p>\n\n\n\n<div style=\"height:20px\" aria-hidden=\"true\" class=\"wp-block-spacer\"><\/div>\n<\/div>\n<\/div>\n<\/div><\/div>\n\n\n\n<div style=\"height:50px\" aria-hidden=\"true\" class=\"wp-block-spacer\"><\/div>\n","protected":false},"excerpt":{"rendered":"","protected":false},"author":1,"featured_media":0,"parent":0,"menu_order":0,"comment_status":"closed","ping_status":"closed","template":"","meta":{"om_disable_all_campaigns":false,"_monsterinsights_skip_tracking":false,"_monsterinsights_sitenote_active":false,"_monsterinsights_sitenote_note":"","_monsterinsights_sitenote_category":0,"neve_meta_sidebar":"default","neve_meta_container":"default","neve_meta_enable_content_width":"on","neve_meta_content_width":100,"neve_meta_title_alignment":"","neve_meta_author_avatar":"","neve_post_elements_order":"","neve_meta_disable_header":"","neve_meta_disable_footer":"","neve_meta_disable_title":"on","_ti_tpc_template_sync":false,"_ti_tpc_template_id":"0qhau2t6eoekosrgo1a2"},"_links":{"self":[{"href":"https:\/\/check-consulting.fr\/index.php\/wp-json\/wp\/v2\/pages\/646"}],"collection":[{"href":"https:\/\/check-consulting.fr\/index.php\/wp-json\/wp\/v2\/pages"}],"about":[{"href":"https:\/\/check-consulting.fr\/index.php\/wp-json\/wp\/v2\/types\/page"}],"author":[{"embeddable":true,"href":"https:\/\/check-consulting.fr\/index.php\/wp-json\/wp\/v2\/users\/1"}],"replies":[{"embeddable":true,"href":"https:\/\/check-consulting.fr\/index.php\/wp-json\/wp\/v2\/comments?post=646"}],"version-history":[{"count":32,"href":"https:\/\/check-consulting.fr\/index.php\/wp-json\/wp\/v2\/pages\/646\/revisions"}],"predecessor-version":[{"id":733,"href":"https:\/\/check-consulting.fr\/index.php\/wp-json\/wp\/v2\/pages\/646\/revisions\/733"}],"wp:attachment":[{"href":"https:\/\/check-consulting.fr\/index.php\/wp-json\/wp\/v2\/media?parent=646"}],"curies":[{"name":"wp","href":"https:\/\/api.w.org\/{rel}","templated":true}]}}