{"id":69,"date":"2020-01-27T08:05:29","date_gmt":"2020-01-27T08:05:29","guid":{"rendered":"https:\/\/demosites.io\/web-agency-gb\/?page_id=69"},"modified":"2023-02-06T01:34:10","modified_gmt":"2023-02-06T01:34:10","slug":"nos-clients","status":"publish","type":"page","link":"https:\/\/check-consulting.fr\/index.php\/nos-clients\/","title":{"rendered":"Nos clients"},"content":{"rendered":"\n<div class=\"wp-block-cover alignfull\" style=\"min-height:300px\"><span aria-hidden=\"true\" class=\"wp-block-cover__background has-nv-site-bg-background-color has-background-dim-100 has-background-dim\"><\/span><div class=\"wp-block-cover__inner-container\">\n<div class=\"wp-container-1 wp-block-group\"><div class=\"wp-block-group__inner-container\">\n<h1 class=\"has-text-align-left has-neve-text-color-color has-text-color\">Nos clients<\/h1>\n<\/div><\/div>\n<\/div><\/div>\n\n\n\n<div class=\"wp-block-cover alignfull\" style=\"min-height:600px\"><span aria-hidden=\"true\" class=\"wp-block-cover__background has-nv-light-bg-background-color has-background-dim-100 has-background-dim\"><\/span><div class=\"wp-block-cover__inner-container\">\n<div class=\"wp-container-10 wp-block-group\"><div class=\"wp-block-group__inner-container\">\n<div style=\"height:80px\" aria-hidden=\"true\" class=\"wp-block-spacer\"><\/div>\n\n\n\n<h2 class=\"has-text-align-center h2-home has-nv-dark-bg-color has-text-color\">NOS SECTEURS D&#8217;ACTIVITE<\/h2>\n\n\n\n<div class=\"wp-block-gosign-block-gosign-advanced-separator-block outer_sep sep-custom cont-full radius_false custPos-center custHeightBorder\" style=\"margin-top:0;margin-bottom:30px\"><div class=\"inner-sep-container\" style=\"height:10px\"><div class=\"border-cont GAB-border\" style=\"height:5px;width:27%;background-color:#3c6382\"><\/div><\/div><\/div>\n\n\n\n<p class=\"has-text-align-center has-nv-dark-bg-color has-text-color\" style=\"font-size:18px\">Check consulting accompagne ses clients quelque soit leur secteur d&#8217;activit\u00e9s<\/p>\n\n\n\n<p class=\"has-text-align-center has-nv-dark-bg-color has-text-color\" style=\"font-size:15px\">Nous vous proposons une approche diff\u00e9rente bas\u00e9e sur un relationnel unique et la satisfaction client comme priorit\u00e9. Au coeur de nos pr\u00e9occupations se trouve la recherche de solutions. Nous soutenons et accompagnons nos clients dans leur d\u00e9veloppement IT et dans leur d\u00e9marche qualit\u00e9, favorisant gain en productivit\u00e9 et rentabilit\u00e9 de par leurs actifs informatique&nbsp;<\/p>\n\n\n\n<div class=\"wp-container-5 wp-block-columns are-vertically-aligned-center\">\n<div class=\"wp-container-2 wp-block-column is-vertically-aligned-center\" style=\"flex-basis:33.34%\"><div class=\"wp-block-image\">\n<figure class=\"aligncenter size-large\"><img loading=\"lazy\" width=\"1024\" height=\"683\" src=\"http:\/\/check-consulting.fr\/wp-content\/uploads\/2022\/06\/energy-1024x683.jpg\" alt=\"\" class=\"wp-image-543\" srcset=\"https:\/\/check-consulting.fr\/wp-content\/uploads\/2022\/06\/energy-1024x683.jpg 1024w, https:\/\/check-consulting.fr\/wp-content\/uploads\/2022\/06\/energy-300x200.jpg 300w, https:\/\/check-consulting.fr\/wp-content\/uploads\/2022\/06\/energy-768x512.jpg 768w, https:\/\/check-consulting.fr\/wp-content\/uploads\/2022\/06\/energy-1536x1024.jpg 1536w, https:\/\/check-consulting.fr\/wp-content\/uploads\/2022\/06\/energy-930x620.jpg 930w, https:\/\/check-consulting.fr\/wp-content\/uploads\/2022\/06\/energy.jpg 2048w\" sizes=\"(max-width: 1024px) 100vw, 1024px\" \/><\/figure><\/div>\n\n\n<h3 class=\"has-text-align-center has-neve-text-color-color has-text-color\">Energie<\/h3>\n\n\n\n<p class=\"has-text-align-center has-neve-text-color-color has-text-color\"><\/p>\n\n\n\n<div style=\"height:40px\" aria-hidden=\"true\" class=\"wp-block-spacer\"><\/div>\n<\/div>\n\n\n\n<div class=\"wp-container-3 wp-block-column is-vertically-aligned-center\" style=\"flex-basis:33.34%\"><div class=\"wp-block-image\">\n<figure class=\"aligncenter size-large\"><img loading=\"lazy\" width=\"1024\" height=\"683\" src=\"http:\/\/check-consulting.fr\/wp-content\/uploads\/2022\/06\/bank-1024x683.jpg\" alt=\"\" class=\"wp-image-544\" srcset=\"https:\/\/check-consulting.fr\/wp-content\/uploads\/2022\/06\/bank-1024x683.jpg 1024w, https:\/\/check-consulting.fr\/wp-content\/uploads\/2022\/06\/bank-300x200.jpg 300w, https:\/\/check-consulting.fr\/wp-content\/uploads\/2022\/06\/bank-768x512.jpg 768w, https:\/\/check-consulting.fr\/wp-content\/uploads\/2022\/06\/bank-1536x1024.jpg 1536w, https:\/\/check-consulting.fr\/wp-content\/uploads\/2022\/06\/bank-2048x1365.jpg 2048w, https:\/\/check-consulting.fr\/wp-content\/uploads\/2022\/06\/bank-930x620.jpg 930w\" sizes=\"(max-width: 1024px) 100vw, 1024px\" \/><\/figure><\/div>\n\n\n<h3 class=\"has-text-align-center has-neve-text-color-color has-text-color\">Banque &amp; Assurance<\/h3>\n\n\n\n<p class=\"has-text-align-center has-neve-text-color-color has-text-color\"><\/p>\n\n\n\n<div style=\"height:40px\" aria-hidden=\"true\" class=\"wp-block-spacer\"><\/div>\n<\/div>\n\n\n\n<div class=\"wp-container-4 wp-block-column\" style=\"flex-basis:33.33%\"><div class=\"wp-block-image\">\n<figure class=\"aligncenter size-large is-resized\"><img loading=\"lazy\" src=\"http:\/\/check-consulting.fr\/wp-content\/uploads\/2022\/06\/hospitality-1024x717.jpg\" alt=\"\" class=\"wp-image-545\" width=\"350\" height=\"244\" srcset=\"https:\/\/check-consulting.fr\/wp-content\/uploads\/2022\/06\/hospitality-1024x717.jpg 1024w, https:\/\/check-consulting.fr\/wp-content\/uploads\/2022\/06\/hospitality-300x210.jpg 300w, https:\/\/check-consulting.fr\/wp-content\/uploads\/2022\/06\/hospitality-768x537.jpg 768w, https:\/\/check-consulting.fr\/wp-content\/uploads\/2022\/06\/hospitality-1536x1075.jpg 1536w, https:\/\/check-consulting.fr\/wp-content\/uploads\/2022\/06\/hospitality-2048x1433.jpg 2048w\" sizes=\"(max-width: 350px) 100vw, 350px\" \/><\/figure><\/div>\n\n\n<h3 class=\"has-text-align-center has-neve-text-color-color has-text-color\">Tourisme &amp; Hospitalit\u00e9<\/h3>\n\n\n\n<p class=\"has-text-align-center has-neve-text-color-color has-text-color\"><\/p>\n<\/div>\n<\/div>\n\n\n\n<div class=\"wp-container-9 wp-block-columns are-vertically-aligned-center\">\n<div class=\"wp-container-6 wp-block-column is-vertically-aligned-center\" style=\"flex-basis:33.34%\">\n<figure class=\"wp-block-image size-large\"><img loading=\"lazy\" width=\"1024\" height=\"683\" src=\"http:\/\/check-consulting.fr\/wp-content\/uploads\/2022\/06\/consultancy-1024x683.jpg\" alt=\"\" class=\"wp-image-549\" srcset=\"https:\/\/check-consulting.fr\/wp-content\/uploads\/2022\/06\/consultancy-1024x683.jpg 1024w, https:\/\/check-consulting.fr\/wp-content\/uploads\/2022\/06\/consultancy-300x200.jpg 300w, https:\/\/check-consulting.fr\/wp-content\/uploads\/2022\/06\/consultancy-768x512.jpg 768w, https:\/\/check-consulting.fr\/wp-content\/uploads\/2022\/06\/consultancy-1536x1024.jpg 1536w, https:\/\/check-consulting.fr\/wp-content\/uploads\/2022\/06\/consultancy-2048x1365.jpg 2048w, https:\/\/check-consulting.fr\/wp-content\/uploads\/2022\/06\/consultancy-930x620.jpg 930w\" sizes=\"(max-width: 1024px) 100vw, 1024px\" \/><\/figure>\n\n\n\n<h3 class=\"has-text-align-center has-neve-text-color-color has-text-color\">Conseil &amp; Audit<\/h3>\n\n\n\n<p class=\"has-text-align-center has-neve-text-color-color has-text-color\"><\/p>\n\n\n\n<div style=\"height:40px\" aria-hidden=\"true\" class=\"wp-block-spacer\"><\/div>\n<\/div>\n\n\n\n<div class=\"wp-container-7 wp-block-column is-vertically-aligned-center\" style=\"flex-basis:33.34%\">\n<figure class=\"wp-block-image size-large\"><img loading=\"lazy\" width=\"1024\" height=\"683\" src=\"http:\/\/check-consulting.fr\/wp-content\/uploads\/2022\/06\/automobile-1024x683.jpg\" alt=\"\" class=\"wp-image-551\" srcset=\"https:\/\/check-consulting.fr\/wp-content\/uploads\/2022\/06\/automobile-1024x683.jpg 1024w, https:\/\/check-consulting.fr\/wp-content\/uploads\/2022\/06\/automobile-300x200.jpg 300w, https:\/\/check-consulting.fr\/wp-content\/uploads\/2022\/06\/automobile-768x512.jpg 768w, https:\/\/check-consulting.fr\/wp-content\/uploads\/2022\/06\/automobile-1536x1024.jpg 1536w, https:\/\/check-consulting.fr\/wp-content\/uploads\/2022\/06\/automobile-2048x1365.jpg 2048w, https:\/\/check-consulting.fr\/wp-content\/uploads\/2022\/06\/automobile-930x620.jpg 930w\" sizes=\"(max-width: 1024px) 100vw, 1024px\" \/><\/figure>\n\n\n\n<h3 class=\"has-text-align-center has-neve-text-color-color has-text-color\">Automobile<\/h3>\n\n\n\n<p class=\"has-text-align-center has-neve-text-color-color has-text-color\"><\/p>\n\n\n\n<div style=\"height:40px\" aria-hidden=\"true\" class=\"wp-block-spacer\"><\/div>\n<\/div>\n\n\n\n<div class=\"wp-container-8 wp-block-column\" style=\"flex-basis:33.33%\">\n<figure class=\"wp-block-image size-large\"><img loading=\"lazy\" width=\"1024\" height=\"683\" src=\"http:\/\/check-consulting.fr\/wp-content\/uploads\/2022\/06\/service-public-1024x683.jpg\" alt=\"\" class=\"wp-image-552\" srcset=\"https:\/\/check-consulting.fr\/wp-content\/uploads\/2022\/06\/service-public-1024x683.jpg 1024w, https:\/\/check-consulting.fr\/wp-content\/uploads\/2022\/06\/service-public-300x200.jpg 300w, https:\/\/check-consulting.fr\/wp-content\/uploads\/2022\/06\/service-public-768x512.jpg 768w, https:\/\/check-consulting.fr\/wp-content\/uploads\/2022\/06\/service-public-1536x1024.jpg 1536w, https:\/\/check-consulting.fr\/wp-content\/uploads\/2022\/06\/service-public-2048x1365.jpg 2048w, https:\/\/check-consulting.fr\/wp-content\/uploads\/2022\/06\/service-public-930x620.jpg 930w\" sizes=\"(max-width: 1024px) 100vw, 1024px\" \/><\/figure>\n\n\n\n<h3 class=\"has-text-align-center has-neve-text-color-color has-text-color\">Services Publiques<\/h3>\n\n\n\n<p class=\"has-text-align-center has-neve-text-color-color has-text-color\"><\/p>\n<\/div>\n<\/div>\n\n\n\n<div style=\"height:40px\" aria-hidden=\"true\" class=\"wp-block-spacer\"><\/div>\n<\/div><\/div>\n<\/div><\/div>\n\n\n\n<div class=\"wp-block-cover alignfull\" style=\"min-height:600px\"><span aria-hidden=\"true\" class=\"wp-block-cover__background has-nv-site-bg-background-color has-background-dim-100 has-background-dim\"><\/span><div class=\"wp-block-cover__inner-container\">\n<div class=\"wp-container-11 wp-block-group\"><div class=\"wp-block-group__inner-container\">\n<h2 class=\"has-text-align-center h2-home has-nv-dark-bg-color has-text-color\">IlS NOUS ONT FAIT CONFIANCE<\/h2>\n\n\n\n<div class=\"wp-block-gosign-block-gosign-advanced-separator-block outer_sep sep-custom cont-full radius_false custPos-center custHeightBorder\" style=\"margin-top:0;margin-bottom:30px\"><div class=\"inner-sep-container\" style=\"height:10px\"><div class=\"border-cont GAB-border\" style=\"height:5px;width:27%;background-color:#3c6382\"><\/div><\/div><\/div>\n\n\n\n<div style=\"height:57px\" aria-hidden=\"true\" class=\"wp-block-spacer\"><\/div>\n\n\n<style type=\"text\/css\">div#logo-carousel-free-440.logo-carousel-free .sp-lc-logo{\n\t\t\t\tborder: 1px none #dddddd;\n\t\t\t}div#logo-carousel-free-440.logo-carousel-free .sp-lc-logo:hover{\n\t\t\t\tborder-color: #1e73be;\n\t\t\t}#logo-carousel-free-440.sp-lc-container .sp-logo-carousel {\n\t\t\t\t\tpadding-bottom: 46px;\n\t\t\t\t}\n\t\t\t\t#logo-carousel-free-440.sp-lc-container .sp-lc-pagination .swiper-pagination-bullet {\n\t\t\t\t\tbackground-color: #dddddd;\n\t\t\t\t\tmargin: 0 4px;\n\t\t\t\t}\n\t\t\t\t#logo-carousel-free-440.sp-lc-container .sp-lc-pagination .swiper-pagination-bullet.swiper-pagination-bullet-active{background-color: #16a08b; }\n\t\t\t\t#logo-carousel-free-440.sp-lc-container .sp-logo-carousel {\n\t\t\t\t\tpadding-top: 46px;\n\t\t\t\t}\n\t\t\t\t#logo-carousel-free-440.sp-lc-container .sp-lc-button-prev,\n\t\t\t\t#logo-carousel-free-440.sp-lc-container .sp-lc-button-next {\n\t\t\t\t\tcolor: #aaaaaa;\n\t\t\t\t\tbackground: transparent;\n\t\t\t\t\tborder: 1px solid #aaaaaa;\n\t\t\t\t\tline-height: 28px;\n\t\t\t\t}\n\t\t\t\t#logo-carousel-free-440.sp-lc-container .sp-lc-button-prev:hover,\n\t\t\t\t#logo-carousel-free-440.sp-lc-container .sp-lc-button-next:hover{\n\t\t\t\t\tbackground-color: #16a08b;\n\t\t\t\t\tcolor: #ffffff;\n\t\t\t\t\tborder-color: #16a08b;\n\t\t\t\t}@media only screen and (max-width: 576px) {} .logo-carousel-free-area#logo-carousel-free-440{\n\t\t\t\t\tposition: relative;\n\t\t\t\t}\n\t\t\t\t#lcp-preloader-440{\n\t\t\t\t\tposition: absolute;\n\t\t\t\t\tleft: 0;\n\t\t\t\t\ttop: 0;\n\t\t\t\t\theight: 100%;\n\t\t\t\t\twidth: 100%;\n\t\t\t\t\ttext-align: center;\n\t\t\t\t\tdisplay: flex;\n\t\t\t\t\talign-items: center;\n\t\t\t\t\tjustify-content: center;\n\t\t\t\t\tbackground: #fff;\n\t\t\t\t\tz-index: 9999;\n\t\t\t\t}\n\t\t\t\t .logo-carousel-free-area#logo-carousel-free-440 .sp-logo-carousel-section-title{\n\t\t\t\t\tmargin-bottom: 30px;\n\t\t\t\t}<\/style><div id='logo-carousel-free-440' class=\"logo-carousel-free logo-carousel-free-area sp-lc-container\"><div id=\"lcp-preloader-440\" class=\"sp-logo-carousel-preloader\"><img src=\"https:\/\/check-consulting.fr\/wp-content\/plugins\/logo-carousel-free\/public\/assets\/css\/images\/bx_loader.gif\" alt=\"loader-image\"\/><\/div><div id=\"sp-logo-carousel-id-440\" class=\"swiper-container sp-logo-carousel lcp-preloader\" dir=\"ltr\" data-carousel='{ \"speed\":600,\"spaceBetween\": 20, \"autoplay\": true, \"infinite\":true, \"autoplay_speed\": 3000, \"stop_onHover\": true, \"pagination\": true, \"navigation\": true, \"MobileNav\": true, \"MobilePagi\": true, \"simulateTouch\": true, \"allowTouchMove\": true, \"slidesPerView\": { \"lg_desktop\": 5, \"desktop\": 4, \"tablet\": 4, \"mobile\": 4, \"mobile_landscape\": 4 } }'><div class=\"swiper-wrapper\"><div class=\"swiper-slide\"><div class=\"sp-lc-logo\"><img src=\"https:\/\/check-consulting.fr\/wp-content\/uploads\/2022\/06\/bnp-paribas-logo-400x200-3.png\" title=\"\" alt=\"bnp\" width=\"237\" height=\"121\" class=\"sp-lc-image\"><\/div><\/div><div class=\"swiper-slide\"><div class=\"sp-lc-logo\"><img src=\"https:\/\/check-consulting.fr\/wp-content\/uploads\/2022\/06\/PwC-PricewaterhouseCoopers-Symbol-1-300x169.png\" title=\"\" alt=\"pwc\" width=\"300\" height=\"169\" class=\"sp-lc-image\"><\/div><\/div><div class=\"swiper-slide\"><div class=\"sp-lc-logo\"><img src=\"https:\/\/check-consulting.fr\/wp-content\/uploads\/2022\/06\/Ista-Logo.svg_-300x139.png\" title=\"\" alt=\"Ista\" width=\"300\" height=\"139\" class=\"sp-lc-image\"><\/div><\/div><div class=\"swiper-slide\"><div class=\"sp-lc-logo\"><img src=\"https:\/\/check-consulting.fr\/wp-content\/uploads\/2022\/06\/logo_renault.jpg\" title=\"\" alt=\"Renault\" width=\"195\" height=\"195\" class=\"sp-lc-image\"><\/div><\/div><div class=\"swiper-slide\"><div class=\"sp-lc-logo\"><img src=\"https:\/\/check-consulting.fr\/wp-content\/uploads\/2022\/06\/1200px-Accor_Logo-300x257.png\" title=\"\" alt=\"Accor\" width=\"300\" height=\"257\" class=\"sp-lc-image\"><\/div><\/div><\/div><div class=\"sp-lc-pagination swiper-pagination dots\"><\/div><div class=\"sp-lc-button-next\"><i class=\"fa fa-angle-right\"><\/i><\/div><div class=\"sp-lc-button-prev\"><i class=\"fa fa-angle-left\"><\/i><\/div><\/div><\/div>\n\n\n\n<div style=\"height:40px\" aria-hidden=\"true\" class=\"wp-block-spacer\"><\/div>\n<\/div><\/div>\n<\/div><\/div>\n\n\n\n<div class=\"wp-block-cover alignfull\" style=\"min-height:300px\"><span aria-hidden=\"true\" class=\"wp-block-cover__background has-nv-dark-bg-background-color has-background-dim-100 has-background-dim\"><\/span><div class=\"wp-block-cover__inner-container\">\n<div style=\"height:80px\" aria-hidden=\"true\" class=\"wp-block-spacer\"><\/div>\n\n\n\n<h2 class=\"has-text-align-center\">Besoin d&#8217;un accompagnement<\/h2>\n\n\n\n<p class=\"has-text-align-center\">Vous \u00eates un professionnel \u00e0 la recherche d\u2019une prestation de service<\/p>\n\n\n\n<div class=\"wp-container-12 is-content-justification-center wp-block-buttons\">\n<div class=\"wp-block-button is-style-primary\"><a class=\"wp-block-button__link\">Contactez-nous<\/a><\/div>\n<\/div>\n\n\n\n<div style=\"height:80px\" aria-hidden=\"true\" class=\"wp-block-spacer\"><\/div>\n<\/div><\/div>\n\n\n\n<div style=\"height:100px\" aria-hidden=\"true\" class=\"wp-block-spacer\"><\/div>\n","protected":false},"excerpt":{"rendered":"","protected":false},"author":1,"featured_media":0,"parent":0,"menu_order":0,"comment_status":"closed","ping_status":"closed","template":"","meta":{"om_disable_all_campaigns":false,"_monsterinsights_skip_tracking":false,"_monsterinsights_sitenote_active":false,"_monsterinsights_sitenote_note":"","_monsterinsights_sitenote_category":0,"neve_meta_sidebar":"full-width","neve_meta_container":"","neve_meta_enable_content_width":"on","neve_meta_content_width":100,"neve_meta_title_alignment":"","neve_meta_author_avatar":"","neve_post_elements_order":"","neve_meta_disable_header":"","neve_meta_disable_footer":"","neve_meta_disable_title":"on","_ti_tpc_template_sync":false,"_ti_tpc_template_id":"t3x60x1arljpehhy6mr6"},"_links":{"self":[{"href":"https:\/\/check-consulting.fr\/index.php\/wp-json\/wp\/v2\/pages\/69"}],"collection":[{"href":"https:\/\/check-consulting.fr\/index.php\/wp-json\/wp\/v2\/pages"}],"about":[{"href":"https:\/\/check-consulting.fr\/index.php\/wp-json\/wp\/v2\/types\/page"}],"author":[{"embeddable":true,"href":"https:\/\/check-consulting.fr\/index.php\/wp-json\/wp\/v2\/users\/1"}],"replies":[{"embeddable":true,"href":"https:\/\/check-consulting.fr\/index.php\/wp-json\/wp\/v2\/comments?post=69"}],"version-history":[{"count":8,"href":"https:\/\/check-consulting.fr\/index.php\/wp-json\/wp\/v2\/pages\/69\/revisions"}],"predecessor-version":[{"id":716,"href":"https:\/\/check-consulting.fr\/index.php\/wp-json\/wp\/v2\/pages\/69\/revisions\/716"}],"wp:attachment":[{"href":"https:\/\/check-consulting.fr\/index.php\/wp-json\/wp\/v2\/media?parent=69"}],"curies":[{"name":"wp","href":"https:\/\/api.w.org\/{rel}","templated":true}]}}